{"id":15816,"date":"2020-05-26T23:27:33","date_gmt":"2020-05-26T22:27:33","guid":{"rendered":"https:\/\/sweethotelrenasa.com\/home-2\/"},"modified":"2023-04-28T12:25:53","modified_gmt":"2023-04-28T11:25:53","slug":"home-2","status":"publish","type":"page","link":"https:\/\/sweethotelrenasa.com\/en\/","title":{"rendered":"HOME EN"},"content":{"rendered":"<section class=\"wpb-content-wrapper\"><p>[vc_section full_width=&#8221;stretch_row&#8221; full_height=&#8221;yes&#8221; content_placement=&#8221;bottom&#8221; pix_over_visibility=&#8221;&#8221; css=&#8221;.vc_custom_1675848721163{background-image: url(http:\/\/sweethotelrenasa.com\/wp-content\/uploads\/2023\/02\/ciudad-artes-valencia-hotel-sweet-renasa.jpg?id=15412) !important;background-position: center !important;background-repeat: no-repeat !important;background-size: cover !important;}&#8221; section_name=&#8221;Meraki Beach Hotel&#8221;][vc_row full_width=&#8221;stretch_row_content_no_spaces&#8221; pix_particles_check=&#8221;&#8221;][vc_column][vc_column_text css_animation=&#8221;fadeInUp&#8221; css=&#8221;.vc_custom_1678294242832{margin-bottom: 40px !important;}&#8221;]<\/p>\r\n<h1 style=\"text-align: center;\"><span style=\"color: #ffffff; text-shadow: 1px 1px 2px black;\">The best option in the city<br \/>\r\n<\/span><\/h1>\r\n<p>[\/vc_column_text][vc_column_text css_animation=&#8221;fadeInUp&#8221; css=&#8221;.vc_custom_1675859821026{margin-bottom: 50px !important;}&#8221;]<\/p>\r\n<h5 style=\"text-align: center;\"><span style=\"color: #ffffff; text-shadow: 1px 1px 2px black;\">A modern and functional hotel in Valencia for leisure and work<\/span><\/h5>\r\n<p>[\/vc_column_text]<div class=\"d-block w-100 text-center\"><a  href=\"https:\/\/reservation.mirai.com\/XMAS\/reservation\/miraiFrontDispatcher.htm?idtokenprovider=100173426#url=true\" class=\"btn mb-2    vc_custom_1678873181645  text-black btn-white btn-flat d-inline-block pix-hover-item     secondary-font  animate-in pix-btn-div btn-lg\"   data-anim-type=\"fade-in-up\" data-anim-delay=\"500\" ><i class=\" pixicon-calendar  pix-hover-left  mr-1\"><\/i> <span class=\" \" >BOOK YOUR EXPERIENCE NOW<\/span><\/a><\/div>[vc_empty_space height=&#8221;60px&#8221;][\/vc_column][\/vc_row][\/vc_section][vc_section full_width=&#8221;stretch_row&#8221; full_height=&#8221;yes&#8221; content_placement=&#8221;middle&#8221; pix_over_visibility=&#8221;&#8221; css=&#8221;.vc_custom_1682681132312{background-image: url(http:\/\/sweethotelrenasa.com\/wp-content\/uploads\/2023\/04\/sweet-hotel-renasa-valencia.jpg?id=16410) !important;background-position: center !important;background-repeat: no-repeat !important;background-size: cover !important;}&#8221; section_name=&#8221;Hotel&#8221;][vc_row full_width=&#8221;stretch_row_content&#8221; equal_height=&#8221;yes&#8221; content_placement=&#8221;middle&#8221; pix_particles_check=&#8221;&#8221;][vc_column width=&#8221;1\/3&#8243; css=&#8221;.vc_custom_1655458352923{background-color: rgba(0,0,0,0.55) !important;*background-color: rgb(0,0,0) !important;}&#8221;][vc_column_text css_animation=&#8221;none&#8221; css=&#8221;.vc_custom_1675858837079{margin-bottom: 50px !important;}&#8221;]<\/p>\r\n<h2 style=\"text-align: center;\"><span style=\"color: #fff;\">Your second home in Valencia<\/span><\/h2>\r\n<p>[\/vc_column_text][vc_column_text css_animation=&#8221;none&#8221; css=&#8221;.vc_custom_1675858810833{margin-bottom: 50px !important;}&#8221;]<\/p>\r\n<h5 style=\"text-align: center;\"><span style=\"color: #ffffff;\">Spaces with charm and their own personality.<\/span><\/h5>\r\n<p>[\/vc_column_text]<div class=\"d-block w-100 text-center\"><a  href=\"http:\/\/restaurapp.es\/renasaen\/en\/el-hotel\" class=\"btn mb-2    vc_custom_1678301604258  text-black btn-white btn-flat d-inline-block pix-hover-item     secondary-font  pix-btn-div btn-lg\"     ><i class=\" pixicon-info-circle  pix-hover-left  mr-1\"><\/i> <span class=\" \" >More information<\/span><\/a><\/div>[vc_empty_space height=&#8221;30px&#8221;][\/vc_column][vc_column width=&#8221;1\/3&#8243;][\/vc_column][vc_column width=&#8221;1\/3&#8243;][\/vc_column][\/vc_row][\/vc_section][vc_section full_width=&#8221;stretch_row&#8221; full_height=&#8221;yes&#8221; content_placement=&#8221;middle&#8221; pix_over_visibility=&#8221;&#8221; css=&#8221;.vc_custom_1682681144760{background-image: url(http:\/\/sweethotelrenasa.com\/wp-content\/uploads\/2023\/04\/hotel-sweet-renasa-habitaciones.jpg?id=16407) !important;background-position: center !important;background-repeat: no-repeat !important;background-size: cover !important;}&#8221; section_name=&#8221;Habitaciones&#8221;][vc_row full_width=&#8221;stretch_row_content&#8221; content_placement=&#8221;middle&#8221; pix_particles_check=&#8221;&#8221;][vc_column width=&#8221;1\/3&#8243;][\/vc_column][vc_column width=&#8221;1\/3&#8243;][\/vc_column][vc_column width=&#8221;1\/3&#8243; css=&#8221;.vc_custom_1655458318481{background-color: rgba(0,0,0,0.5) !important;*background-color: rgb(0,0,0) !important;}&#8221;][vc_column_text css_animation=&#8221;none&#8221;]<\/p>\r\n<h2 style=\"text-align: center;\"><span style=\"color: #ffffff;\">Unforgettable stays<\/span><\/h2>\r\n<p>[\/vc_column_text][vc_column_text css_animation=&#8221;none&#8221; css=&#8221;.vc_custom_1675858893308{margin-bottom: 50px !important;}&#8221;]<\/p>\r\n<h5 style=\"text-align: center;\"><span style=\"color: #ffffff;\">Rooms designed to guarantee the best rest.<\/span><\/h5>\r\n<p>[\/vc_column_text]<div class=\"d-block w-100 text-center\"><a  href=\"https:\/\/sweethotelrenasa.com\/en\/habitaciones\" class=\"btn mb-2    vc_custom_1678301611726  text-black btn-white btn-flat d-inline-block pix-hover-item     secondary-font  pix-btn-div btn-lg\"     ><i class=\" pixicon-info-circle  pix-hover-left  mr-1\"><\/i> <span class=\" \" >More information<\/span><\/a><\/div>[vc_empty_space height=&#8221;30px&#8221;][\/vc_column][\/vc_row][\/vc_section][vc_section full_width=&#8221;stretch_row&#8221; full_height=&#8221;yes&#8221; content_placement=&#8221;middle&#8221; pix_over_visibility=&#8221;&#8221; css=&#8221;.vc_custom_1675849975672{background-image: url(http:\/\/sweethotelrenasa.com\/wp-content\/uploads\/2023\/02\/grupos-hotel-renasa.jpg?id=15421) !important;background-position: center !important;background-repeat: no-repeat !important;background-size: cover !important;}&#8221; section_name=&#8221;Grupos&#8221;][vc_row full_width=&#8221;stretch_row_content&#8221; equal_height=&#8221;yes&#8221; content_placement=&#8221;middle&#8221; pix_particles_check=&#8221;&#8221;][vc_column width=&#8221;1\/3&#8243; css=&#8221;.vc_custom_1655458352923{background-color: rgba(0,0,0,0.55) !important;*background-color: rgb(0,0,0) !important;}&#8221;][vc_column_text css_animation=&#8221;none&#8221; css=&#8221;.vc_custom_1667147629875{margin-bottom: 50px !important;}&#8221;]<\/p>\r\n<h2 style=\"text-align: center;\"><span style=\"color: #fff;\">In company it tastes better<\/span><\/h2>\r\n<p>[\/vc_column_text][vc_column_text css_animation=&#8221;none&#8221; css=&#8221;.vc_custom_1667147589319{margin-bottom: 50px !important;}&#8221;]<\/p>\r\n<h5 style=\"text-align: center;\"><span style=\"color: #ffffff;\">Offers and experiences for the enjoyment of all.<\/span><\/h5>\r\n<p>[\/vc_column_text]<div class=\"d-block w-100 text-center\"><a  href=\"https:\/\/sweethotelrenasa.com\/en\/grupos\" class=\"btn mb-2    vc_custom_1678301620299  text-black btn-white btn-flat d-inline-block pix-hover-item     secondary-font  pix-btn-div btn-lg\"     ><i class=\" pixicon-group-2  pix-hover-left  mr-1\"><\/i> <span class=\" \" >More information<\/span><\/a><\/div>[vc_empty_space height=&#8221;30px&#8221;][\/vc_column][vc_column width=&#8221;1\/3&#8243;][\/vc_column][vc_column width=&#8221;1\/3&#8243;][\/vc_column][\/vc_row][\/vc_section]<\/p>\r\n<\/section>","protected":false},"excerpt":{"rendered":"[vc_section full_width=&#8221;stretch_row&#8221; full_height=&#8221;yes&#8221; content_placement=&#8221;bottom&#8221; pix_over_visibility=&#8221;&#8221; css=&#8221;.vc_custom_1675848721163{background-image: url(http:\/\/sweethotelrenasa.com\/wp-content\/uploads\/2023\/02\/ciudad-artes-valencia-hotel-sweet-renasa.jpg?id=15412) !important;background-position: center !important;background-repeat: no-repeat !important;background-size: cover !important;}&#8221; section_name=&#8221;Meraki Beach Hotel&#8221;][vc_row full_width=&#8221;stretch_row_content_no_spaces&#8221; pix_particles_check=&#8221;&#8221;][vc_column][vc_column_text css_animation=&#8221;fadeInUp&#8221; css=&#8221;.vc_custom_1678294242832{margin-bottom: 40px !important;}&#8221;] The best option in the city [\/vc_column_text][vc_column_text css_animation=&#8221;fadeInUp&#8221; css=&#8221;.vc_custom_1675859821026{margin-bottom: 50px !important;}&#8221;] A modern and functional hotel in&#8230;","protected":false},"author":4,"featured_media":0,"parent":0,"menu_order":0,"comment_status":"closed","ping_status":"closed","template":"","meta":{"footnotes":""},"class_list":["post-15816","page","type-page","status-publish","hentry"],"yoast_head":"<!-- This site is optimized with the Yoast SEO plugin v24.2 - https:\/\/yoast.com\/wordpress\/plugins\/seo\/ -->\n<title>HOME EN - Meraki Beach Hotel | El primer hotel Only Adults de Valencia<\/title>\n<meta name=\"robots\" content=\"index, follow, max-snippet:-1, max-image-preview:large, max-video-preview:-1\" \/>\n<link rel=\"canonical\" href=\"https:\/\/sweethotelrenasa.com\/en\/\" \/>\n<meta property=\"og:locale\" content=\"en_US\" \/>\n<meta property=\"og:type\" content=\"article\" \/>\n<meta property=\"og:title\" content=\"HOME EN - Meraki Beach Hotel | El primer hotel Only Adults de Valencia\" \/>\n<meta property=\"og:description\" content=\"[vc_section full_width=&#8221;stretch_row&#8221; full_height=&#8221;yes&#8221; content_placement=&#8221;bottom&#8221; pix_over_visibility=&#8221;&#8221; css=&#8221;.vc_custom_1675848721163{background-image: url(http:\/\/sweethotelrenasa.com\/wp-content\/uploads\/2023\/02\/ciudad-artes-valencia-hotel-sweet-renasa.jpg?id=15412) !important;background-position: center !important;background-repeat: no-repeat !important;background-size: cover !important;}&#8221; section_name=&#8221;Meraki Beach Hotel&#8221;][vc_row full_width=&#8221;stretch_row_content_no_spaces&#8221; pix_particles_check=&#8221;&#8221;][vc_column][vc_column_text css_animation=&#8221;fadeInUp&#8221; css=&#8221;.vc_custom_1678294242832{margin-bottom: 40px !important;}&#8221;] The best option in the city [\/vc_column_text][vc_column_text css_animation=&#8221;fadeInUp&#8221; css=&#8221;.vc_custom_1675859821026{margin-bottom: 50px !important;}&#8221;] A modern and functional hotel in...\" \/>\n<meta property=\"og:url\" content=\"https:\/\/sweethotelrenasa.com\/en\/\" \/>\n<meta property=\"og:site_name\" content=\"Meraki Beach Hotel | El primer hotel Only Adults de Valencia\" \/>\n<meta property=\"article:modified_time\" content=\"2023-04-28T11:25:53+00:00\" \/>\n<meta name=\"twitter:card\" content=\"summary_large_image\" \/>\n<meta name=\"twitter:label1\" content=\"Est. reading time\" \/>\n\t<meta name=\"twitter:data1\" content=\"2 minutes\" \/>\n<script type=\"application\/ld+json\" class=\"yoast-schema-graph\">{\"@context\":\"https:\/\/schema.org\",\"@graph\":[{\"@type\":\"WebPage\",\"@id\":\"https:\/\/sweethotelrenasa.com\/en\/\",\"url\":\"https:\/\/sweethotelrenasa.com\/en\/\",\"name\":\"HOME EN - Meraki Beach Hotel | El primer hotel Only Adults de Valencia\",\"isPartOf\":{\"@id\":\"https:\/\/sweethotelrenasa.com\/en\/#website\"},\"datePublished\":\"2020-05-26T22:27:33+00:00\",\"dateModified\":\"2023-04-28T11:25:53+00:00\",\"breadcrumb\":{\"@id\":\"https:\/\/sweethotelrenasa.com\/en\/#breadcrumb\"},\"inLanguage\":\"en-US\",\"potentialAction\":[{\"@type\":\"ReadAction\",\"target\":[\"https:\/\/sweethotelrenasa.com\/en\/\"]}]},{\"@type\":\"BreadcrumbList\",\"@id\":\"https:\/\/sweethotelrenasa.com\/en\/#breadcrumb\",\"itemListElement\":[{\"@type\":\"ListItem\",\"position\":1,\"name\":\"Portada\",\"item\":\"https:\/\/sweethotelrenasa.com\/en\/\"},{\"@type\":\"ListItem\",\"position\":2,\"name\":\"HOME EN\"}]},{\"@type\":\"WebSite\",\"@id\":\"https:\/\/sweethotelrenasa.com\/en\/#website\",\"url\":\"https:\/\/sweethotelrenasa.com\/en\/\",\"name\":\"Meraki Beach Hotel | El primer hotel Only Adults de Valencia\",\"description\":\"Garant\u00eda y seguridad en un hotel diferente donde se busca ante todo la tranquilidad de nuestros hu\u00e9spedes, en un enclave \u00fanico junto al mar mediterr\u00e1neo.\",\"potentialAction\":[{\"@type\":\"SearchAction\",\"target\":{\"@type\":\"EntryPoint\",\"urlTemplate\":\"https:\/\/sweethotelrenasa.com\/en\/?s={search_term_string}\"},\"query-input\":{\"@type\":\"PropertyValueSpecification\",\"valueRequired\":true,\"valueName\":\"search_term_string\"}}],\"inLanguage\":\"en-US\"}]}<\/script>\n<!-- \/ Yoast SEO plugin. -->","yoast_head_json":{"title":"HOME EN - Meraki Beach Hotel | El primer hotel Only Adults de Valencia","robots":{"index":"index","follow":"follow","max-snippet":"max-snippet:-1","max-image-preview":"max-image-preview:large","max-video-preview":"max-video-preview:-1"},"canonical":"https:\/\/sweethotelrenasa.com\/en\/","og_locale":"en_US","og_type":"article","og_title":"HOME EN - Meraki Beach Hotel | El primer hotel Only Adults de Valencia","og_description":"[vc_section full_width=&#8221;stretch_row&#8221; full_height=&#8221;yes&#8221; content_placement=&#8221;bottom&#8221; pix_over_visibility=&#8221;&#8221; css=&#8221;.vc_custom_1675848721163{background-image: url(http:\/\/sweethotelrenasa.com\/wp-content\/uploads\/2023\/02\/ciudad-artes-valencia-hotel-sweet-renasa.jpg?id=15412) !important;background-position: center !important;background-repeat: no-repeat !important;background-size: cover !important;}&#8221; section_name=&#8221;Meraki Beach Hotel&#8221;][vc_row full_width=&#8221;stretch_row_content_no_spaces&#8221; pix_particles_check=&#8221;&#8221;][vc_column][vc_column_text css_animation=&#8221;fadeInUp&#8221; css=&#8221;.vc_custom_1678294242832{margin-bottom: 40px !important;}&#8221;] The best option in the city [\/vc_column_text][vc_column_text css_animation=&#8221;fadeInUp&#8221; css=&#8221;.vc_custom_1675859821026{margin-bottom: 50px !important;}&#8221;] A modern and functional hotel in...","og_url":"https:\/\/sweethotelrenasa.com\/en\/","og_site_name":"Meraki Beach Hotel | El primer hotel Only Adults de Valencia","article_modified_time":"2023-04-28T11:25:53+00:00","twitter_card":"summary_large_image","twitter_misc":{"Est. reading time":"2 minutes"},"schema":{"@context":"https:\/\/schema.org","@graph":[{"@type":"WebPage","@id":"https:\/\/sweethotelrenasa.com\/en\/","url":"https:\/\/sweethotelrenasa.com\/en\/","name":"HOME EN - Meraki Beach Hotel | El primer hotel Only Adults de Valencia","isPartOf":{"@id":"https:\/\/sweethotelrenasa.com\/en\/#website"},"datePublished":"2020-05-26T22:27:33+00:00","dateModified":"2023-04-28T11:25:53+00:00","breadcrumb":{"@id":"https:\/\/sweethotelrenasa.com\/en\/#breadcrumb"},"inLanguage":"en-US","potentialAction":[{"@type":"ReadAction","target":["https:\/\/sweethotelrenasa.com\/en\/"]}]},{"@type":"BreadcrumbList","@id":"https:\/\/sweethotelrenasa.com\/en\/#breadcrumb","itemListElement":[{"@type":"ListItem","position":1,"name":"Portada","item":"https:\/\/sweethotelrenasa.com\/en\/"},{"@type":"ListItem","position":2,"name":"HOME EN"}]},{"@type":"WebSite","@id":"https:\/\/sweethotelrenasa.com\/en\/#website","url":"https:\/\/sweethotelrenasa.com\/en\/","name":"Meraki Beach Hotel | El primer hotel Only Adults de Valencia","description":"Garant\u00eda y seguridad en un hotel diferente donde se busca ante todo la tranquilidad de nuestros hu\u00e9spedes, en un enclave \u00fanico junto al mar mediterr\u00e1neo.","potentialAction":[{"@type":"SearchAction","target":{"@type":"EntryPoint","urlTemplate":"https:\/\/sweethotelrenasa.com\/en\/?s={search_term_string}"},"query-input":{"@type":"PropertyValueSpecification","valueRequired":true,"valueName":"search_term_string"}}],"inLanguage":"en-US"}]}},"_links":{"self":[{"href":"https:\/\/sweethotelrenasa.com\/en\/wp-json\/wp\/v2\/pages\/15816","targetHints":{"allow":["GET"]}}],"collection":[{"href":"https:\/\/sweethotelrenasa.com\/en\/wp-json\/wp\/v2\/pages"}],"about":[{"href":"https:\/\/sweethotelrenasa.com\/en\/wp-json\/wp\/v2\/types\/page"}],"author":[{"embeddable":true,"href":"https:\/\/sweethotelrenasa.com\/en\/wp-json\/wp\/v2\/users\/4"}],"replies":[{"embeddable":true,"href":"https:\/\/sweethotelrenasa.com\/en\/wp-json\/wp\/v2\/comments?post=15816"}],"version-history":[{"count":3,"href":"https:\/\/sweethotelrenasa.com\/en\/wp-json\/wp\/v2\/pages\/15816\/revisions"}],"predecessor-version":[{"id":16412,"href":"https:\/\/sweethotelrenasa.com\/en\/wp-json\/wp\/v2\/pages\/15816\/revisions\/16412"}],"wp:attachment":[{"href":"https:\/\/sweethotelrenasa.com\/en\/wp-json\/wp\/v2\/media?parent=15816"}],"curies":[{"name":"wp","href":"https:\/\/api.w.org\/{rel}","templated":true}]}}