{"id":15850,"date":"2022-07-12T09:37:00","date_gmt":"2022-07-12T08:37:00","guid":{"rendered":"https:\/\/sweethotelrenasa.com\/grupos\/"},"modified":"2023-05-04T10:42:07","modified_gmt":"2023-05-04T09:42:07","slug":"grupos","status":"publish","type":"page","link":"https:\/\/sweethotelrenasa.com\/en\/grupos\/","title":{"rendered":"GROUPS"},"content":{"rendered":"<section class=\"wpb-content-wrapper\">[vc_section full_width=&#8221;stretch_row&#8221; full_height=&#8221;yes&#8221; content_placement=&#8221;middle&#8221; disable_element=&#8221;yes&#8221; pix_over_visibility=&#8221;&#8221; css=&#8221;.vc_custom_1678120952117{background-image: url(http:\/\/sweethotelrenasa.com\/wp-content\/uploads\/2023\/02\/grupos-hotel-renasa.jpg?id=15421) !important;background-position: center !important;background-repeat: no-repeat !important;background-size: cover !important;}&#8221; section_name=&#8221;Habitaciones&#8221;][vc_row full_width=&#8221;stretch_row_content&#8221; content_placement=&#8221;middle&#8221; pix_particles_check=&#8221;&#8221;][vc_column width=&#8221;1\/3&#8243;][\/vc_column][vc_column width=&#8221;1\/3&#8243;][\/vc_column][vc_column width=&#8221;1\/3&#8243; css=&#8221;.vc_custom_1657621031147{background-color: rgba(0,0,0,0.6) !important;*background-color: rgb(0,0,0) !important;}&#8221;][vc_column_text css_animation=&#8221;none&#8221; css=&#8221;.vc_custom_1667220663609{margin-bottom: 40px !important;}&#8221;]\r\n<h2 style=\"text-align: center;\"><span style=\"color: #ffffff;\">The best accommodation for groups<\/span><\/h2>\r\n[\/vc_column_text][vc_column_text css_animation=&#8221;none&#8221; css=&#8221;.vc_custom_1667220622906{margin-bottom: 50px !important;}&#8221;]\r\n<h5 style=\"text-align: center;\"><span style=\"color: #ffffff;\">Offers and experiences for the enjoyment of all.<\/span><\/h5>\r\n[\/vc_column_text]<div class=\"d-block w-100 text-center\"><span  class=\"btn mb-2    vc_custom_1675866805094  text-black btn-white btn-flat d-inline-block pix-hover-item     secondary-font  pix-btn-div btn-lg\"     ><i class=\" pixicon-calendar  pix-hover-left  mr-1\"><\/i> <span class=\" \" >BOOK YOUR EXPERIENCE NOW<\/span><\/span><\/div>[\/vc_column][\/vc_row][\/vc_section][vc_section full_width=&#8221;stretch_row&#8221; content_placement=&#8221;middle&#8221; pix_over_visibility=&#8221;&#8221; css=&#8221;.vc_custom_1678126233673{margin-top: 50px !important;background-color: #ffffff !important;}&#8221;][vc_row full_width=&#8221;stretch_row&#8221; pix_particles_check=&#8221;&#8221; css=&#8221;.vc_custom_1655735721601{padding-bottom: 20px !important;}&#8221;][vc_column content_align=&#8221;text-center&#8221;]<div id=\"spacer-54539702\" class=\"w-100 d-block \"><\/div>[vc_column_text]\r\n<h2 style=\"text-align: center;\">Hotel for groups<\/h2>\r\n<h2 style=\"text-align: center;\">in Valencia<\/h2>\r\n[\/vc_column_text]<div class=\"pix-el-text slide-in-container w-100   vc_custom_1667223521962\" ><div class=\"d-inline-block\" style=\"max-width:700px;\"><p class=\"text-18  text-body-default  \" >At Sweet Hotels we are <b>specialized in accommodation for groups.<\/b> If you are looking for a <b>hotel in the city or coast of Valencia<\/b>, contact us and you will be surprised by our conditions for groups.<\/p><\/div><\/div><div class=\"pix-el-text slide-in-container w-100   vc_custom_1667223532717\" ><div class=\"d-inline-block\" style=\"max-width:700px;\"><p class=\"text-18  text-body-default  \" >Our hotels offer the best accommodation for groups in Valencia, as we offer <b>rooms of all types at very affordable prices.<\/b><\/p><\/div><\/div>[\/vc_column][\/vc_row][\/vc_section][vc_section full_width=&#8221;stretch_row&#8221; full_height=&#8221;yes&#8221; content_placement=&#8221;middle&#8221; pix_over_visibility=&#8221;&#8221; css=&#8221;.vc_custom_1683193313874{margin-top: 50px !important;background-image: url(http:\/\/sweethotelrenasa.com\/wp-content\/uploads\/2022\/10\/albufera.jpg?id=15054) !important;background-position: center !important;background-repeat: no-repeat !important;background-size: cover !important;}&#8221; section_name=&#8221;Habitaciones&#8221;][vc_row full_width=&#8221;stretch_row_content&#8221; content_placement=&#8221;middle&#8221; pix_particles_check=&#8221;&#8221;][vc_column]<div id=\"spacer-17487591\" class=\"w-100 d-block \"><\/div>[\/vc_column][\/vc_row][\/vc_section][vc_section full_width=&#8221;stretch_row&#8221; content_placement=&#8221;middle&#8221; pix_over_visibility=&#8221;&#8221; css=&#8221;.vc_custom_1678126251342{margin-top: 50px !important;margin-bottom: 80px !important;background-color: #ffffff !important;}&#8221;][vc_row full_width=&#8221;stretch_row&#8221; pix_particles_check=&#8221;&#8221; css=&#8221;.vc_custom_1655735721601{padding-bottom: 20px !important;}&#8221;][vc_column content_align=&#8221;text-center&#8221;][vc_column_text]\r\n<h2 style=\"text-align: center;\">Enjoy your group trip<\/h2>\r\n[\/vc_column_text]<div class=\"pix-el-text slide-in-container w-100   vc_custom_1678123110741\" ><div class=\"d-inline-block\" style=\"max-width:630px;\"><p class=\"text-18  text-body-default  \" >Fill in the following form to make the reservation easier for your group. We&#8217;ll call you as soon as possible.<\/p><\/div><\/div>\n<div class=\"wpcf7 no-js\" id=\"wpcf7-f15955-o1\" lang=\"en-US\" dir=\"ltr\" data-wpcf7-id=\"15955\">\n<div class=\"screen-reader-response\"><p role=\"status\" aria-live=\"polite\" aria-atomic=\"true\"><\/p> <ul><\/ul><\/div>\n<form action=\"\/en\/wp-json\/wp\/v2\/pages\/15850#wpcf7-f15955-o1\" method=\"post\" class=\"wpcf7-form init\" aria-label=\"Contact form\" novalidate=\"novalidate\" data-status=\"init\">\n<div style=\"display: none;\">\n<input type=\"hidden\" name=\"_wpcf7\" value=\"15955\" \/>\n<input type=\"hidden\" name=\"_wpcf7_version\" value=\"6.0.6\" \/>\n<input type=\"hidden\" name=\"_wpcf7_locale\" value=\"en_US\" \/>\n<input type=\"hidden\" name=\"_wpcf7_unit_tag\" value=\"wpcf7-f15955-o1\" \/>\n<input type=\"hidden\" name=\"_wpcf7_container_post\" value=\"0\" \/>\n<input type=\"hidden\" name=\"_wpcf7_posted_data_hash\" value=\"\" \/>\n<\/div>\n<div class=\"pix-contact7-form\"><div class=\"row\">\n\t<div class=\"col-lg-4\">\n\t\t<p><label class=\"w-100\">Name*<br \/>\n<span class=\"wpcf7-form-control-wrap\" data-name=\"your-name\"><input size=\"40\" maxlength=\"400\" class=\"wpcf7-form-control wpcf7-text wpcf7-validates-as-required pix-my-5 shadow-0 bg-gray-1 form-control\" aria-required=\"true\" aria-invalid=\"false\" placeholder=\"\" value=\"\" type=\"text\" name=\"your-name\" \/><\/span><\/label>\n\t\t<\/p>\n\t<\/div>\n\t<div class=\"col-lg-4\">\n\t\t<p><label class=\"w-100\">Tel\u00e9fono*<br \/>\n<span class=\"wpcf7-form-control-wrap\" data-name=\"telefono\"><input size=\"40\" maxlength=\"400\" class=\"wpcf7-form-control wpcf7-text wpcf7-validates-as-required pix-my-5 shadow-0 bg-gray-1 form-control\" aria-required=\"true\" aria-invalid=\"false\" placeholder=\"\" value=\"\" type=\"text\" name=\"telefono\" \/><\/span><\/label>\n\t\t<\/p>\n\t<\/div>\n\t<div class=\"col-lg-4\">\n\t\t<p><label class=\"w-100\">email*<br \/>\n<span class=\"wpcf7-form-control-wrap\" data-name=\"your-email\"><input size=\"40\" maxlength=\"400\" class=\"wpcf7-form-control wpcf7-email wpcf7-validates-as-required wpcf7-text wpcf7-validates-as-email pix-my-5 shadow-0 bg-gray-1 form-control\" aria-required=\"true\" aria-invalid=\"false\" placeholder=\"\" value=\"\" type=\"email\" name=\"your-email\" \/><\/span><\/label>\n\t\t<\/p>\n\t<\/div>\n\t<div class=\"col-12\">\n\t\t<p><label class=\"w-100\">Tell us what you need: Number of rooms, people per room, check-in and check-out date and diet.<span class=\"wpcf7-form-control-wrap\" data-name=\"your-message\"><textarea cols=\"40\" rows=\"4\" maxlength=\"2000\" class=\"wpcf7-form-control wpcf7-textarea wpcf7-validates-as-required pix-my-5 shadow-0 bg-gray-1 form-control\" aria-required=\"true\" aria-invalid=\"false\" placeholder=\"\" name=\"your-message\"><\/textarea><\/span><\/label>\n\t\t<\/p>\n\t<\/div>\n<\/div>\n<p><input class=\"wpcf7-form-control wpcf7-submit has-spinner btn btn-green text-white w-100 pix-mt-10 font-weight-bold btn-lg shadow-hover\" type=\"submit\" value=\"SEND\" \/>\n<\/p><\/div><div class=\"wpcf7-response-output\" aria-hidden=\"true\"><\/div>\n<\/form>\n<\/div>\n[\/vc_column][\/vc_row][\/vc_section]<\/section>","protected":false},"excerpt":{"rendered":"[vc_section full_width=&#8221;stretch_row&#8221; full_height=&#8221;yes&#8221; content_placement=&#8221;middle&#8221; disable_element=&#8221;yes&#8221; pix_over_visibility=&#8221;&#8221; css=&#8221;.vc_custom_1678120952117{background-image: url(http:\/\/sweethotelrenasa.com\/wp-content\/uploads\/2023\/02\/grupos-hotel-renasa.jpg?id=15421) !important;background-position: center !important;background-repeat: no-repeat !important;background-size: cover !important;}&#8221; section_name=&#8221;Habitaciones&#8221;][vc_row full_width=&#8221;stretch_row_content&#8221; content_placement=&#8221;middle&#8221; pix_particles_check=&#8221;&#8221;][vc_column width=&#8221;1\/3&#8243;][\/vc_column][vc_column width=&#8221;1\/3&#8243;][\/vc_column][vc_column width=&#8221;1\/3&#8243; css=&#8221;.vc_custom_1657621031147{background-color: rgba(0,0,0,0.6) !important;*background-color: rgb(0,0,0) !important;}&#8221;][vc_column_text css_animation=&#8221;none&#8221; css=&#8221;.vc_custom_1667220663609{margin-bottom: 40px !important;}&#8221;] The best accommodation for groups [\/vc_column_text][vc_column_text css_animation=&#8221;none&#8221; css=&#8221;.vc_custom_1667220622906{margin-bottom: 50px&#8230;","protected":false},"author":4,"featured_media":0,"parent":0,"menu_order":0,"comment_status":"closed","ping_status":"closed","template":"","meta":{"footnotes":""},"class_list":["post-15850","page","type-page","status-publish","hentry"],"yoast_head":"<!-- This site is optimized with the Yoast SEO plugin v24.2 - https:\/\/yoast.com\/wordpress\/plugins\/seo\/ -->\n<title>GROUPS - Meraki Beach Hotel | El primer hotel Only Adults de Valencia<\/title>\n<meta name=\"robots\" content=\"index, follow, max-snippet:-1, max-image-preview:large, max-video-preview:-1\" \/>\n<link rel=\"canonical\" href=\"https:\/\/sweethotelrenasa.com\/en\/grupos\/\" \/>\n<meta property=\"og:locale\" content=\"en_US\" \/>\n<meta property=\"og:type\" content=\"article\" \/>\n<meta property=\"og:title\" content=\"GROUPS - Meraki Beach Hotel | El primer hotel Only Adults de Valencia\" \/>\n<meta property=\"og:description\" content=\"[vc_section full_width=&#8221;stretch_row&#8221; full_height=&#8221;yes&#8221; content_placement=&#8221;middle&#8221; disable_element=&#8221;yes&#8221; pix_over_visibility=&#8221;&#8221; css=&#8221;.vc_custom_1678120952117{background-image: url(http:\/\/sweethotelrenasa.com\/wp-content\/uploads\/2023\/02\/grupos-hotel-renasa.jpg?id=15421) !important;background-position: center !important;background-repeat: no-repeat !important;background-size: cover !important;}&#8221; section_name=&#8221;Habitaciones&#8221;][vc_row full_width=&#8221;stretch_row_content&#8221; content_placement=&#8221;middle&#8221; pix_particles_check=&#8221;&#8221;][vc_column width=&#8221;1\/3&#8243;][\/vc_column][vc_column width=&#8221;1\/3&#8243;][\/vc_column][vc_column width=&#8221;1\/3&#8243; css=&#8221;.vc_custom_1657621031147{background-color: rgba(0,0,0,0.6) !important;*background-color: rgb(0,0,0) !important;}&#8221;][vc_column_text css_animation=&#8221;none&#8221; css=&#8221;.vc_custom_1667220663609{margin-bottom: 40px !important;}&#8221;] The best accommodation for groups [\/vc_column_text][vc_column_text css_animation=&#8221;none&#8221; css=&#8221;.vc_custom_1667220622906{margin-bottom: 50px...\" \/>\n<meta property=\"og:url\" content=\"https:\/\/sweethotelrenasa.com\/en\/grupos\/\" \/>\n<meta property=\"og:site_name\" content=\"Meraki Beach Hotel | El primer hotel Only Adults de Valencia\" \/>\n<meta property=\"article:modified_time\" content=\"2023-05-04T09:42:07+00:00\" \/>\n<meta name=\"twitter:card\" content=\"summary_large_image\" \/>\n<meta name=\"twitter:label1\" content=\"Est. reading time\" \/>\n\t<meta name=\"twitter:data1\" content=\"2 minutes\" \/>\n<script type=\"application\/ld+json\" class=\"yoast-schema-graph\">{\"@context\":\"https:\/\/schema.org\",\"@graph\":[{\"@type\":\"WebPage\",\"@id\":\"https:\/\/sweethotelrenasa.com\/en\/grupos\/\",\"url\":\"https:\/\/sweethotelrenasa.com\/en\/grupos\/\",\"name\":\"GROUPS - Meraki Beach Hotel | El primer hotel Only Adults de Valencia\",\"isPartOf\":{\"@id\":\"https:\/\/sweethotelrenasa.com\/en\/#website\"},\"datePublished\":\"2022-07-12T08:37:00+00:00\",\"dateModified\":\"2023-05-04T09:42:07+00:00\",\"breadcrumb\":{\"@id\":\"https:\/\/sweethotelrenasa.com\/en\/grupos\/#breadcrumb\"},\"inLanguage\":\"en-US\",\"potentialAction\":[{\"@type\":\"ReadAction\",\"target\":[\"https:\/\/sweethotelrenasa.com\/en\/grupos\/\"]}]},{\"@type\":\"BreadcrumbList\",\"@id\":\"https:\/\/sweethotelrenasa.com\/en\/grupos\/#breadcrumb\",\"itemListElement\":[{\"@type\":\"ListItem\",\"position\":1,\"name\":\"Portada\",\"item\":\"https:\/\/sweethotelrenasa.com\/en\/\"},{\"@type\":\"ListItem\",\"position\":2,\"name\":\"GROUPS\"}]},{\"@type\":\"WebSite\",\"@id\":\"https:\/\/sweethotelrenasa.com\/en\/#website\",\"url\":\"https:\/\/sweethotelrenasa.com\/en\/\",\"name\":\"Meraki Beach Hotel | El primer hotel Only Adults de Valencia\",\"description\":\"Garant\u00eda y seguridad en un hotel diferente donde se busca ante todo la tranquilidad de nuestros hu\u00e9spedes, en un enclave \u00fanico junto al mar mediterr\u00e1neo.\",\"potentialAction\":[{\"@type\":\"SearchAction\",\"target\":{\"@type\":\"EntryPoint\",\"urlTemplate\":\"https:\/\/sweethotelrenasa.com\/en\/?s={search_term_string}\"},\"query-input\":{\"@type\":\"PropertyValueSpecification\",\"valueRequired\":true,\"valueName\":\"search_term_string\"}}],\"inLanguage\":\"en-US\"}]}<\/script>\n<!-- \/ Yoast SEO plugin. -->","yoast_head_json":{"title":"GROUPS - Meraki Beach Hotel | El primer hotel Only Adults de Valencia","robots":{"index":"index","follow":"follow","max-snippet":"max-snippet:-1","max-image-preview":"max-image-preview:large","max-video-preview":"max-video-preview:-1"},"canonical":"https:\/\/sweethotelrenasa.com\/en\/grupos\/","og_locale":"en_US","og_type":"article","og_title":"GROUPS - Meraki Beach Hotel | El primer hotel Only Adults de Valencia","og_description":"[vc_section full_width=&#8221;stretch_row&#8221; full_height=&#8221;yes&#8221; content_placement=&#8221;middle&#8221; disable_element=&#8221;yes&#8221; pix_over_visibility=&#8221;&#8221; css=&#8221;.vc_custom_1678120952117{background-image: url(http:\/\/sweethotelrenasa.com\/wp-content\/uploads\/2023\/02\/grupos-hotel-renasa.jpg?id=15421) !important;background-position: center !important;background-repeat: no-repeat !important;background-size: cover !important;}&#8221; section_name=&#8221;Habitaciones&#8221;][vc_row full_width=&#8221;stretch_row_content&#8221; content_placement=&#8221;middle&#8221; pix_particles_check=&#8221;&#8221;][vc_column width=&#8221;1\/3&#8243;][\/vc_column][vc_column width=&#8221;1\/3&#8243;][\/vc_column][vc_column width=&#8221;1\/3&#8243; css=&#8221;.vc_custom_1657621031147{background-color: rgba(0,0,0,0.6) !important;*background-color: rgb(0,0,0) !important;}&#8221;][vc_column_text css_animation=&#8221;none&#8221; css=&#8221;.vc_custom_1667220663609{margin-bottom: 40px !important;}&#8221;] The best accommodation for groups [\/vc_column_text][vc_column_text css_animation=&#8221;none&#8221; css=&#8221;.vc_custom_1667220622906{margin-bottom: 50px...","og_url":"https:\/\/sweethotelrenasa.com\/en\/grupos\/","og_site_name":"Meraki Beach Hotel | El primer hotel Only Adults de Valencia","article_modified_time":"2023-05-04T09:42:07+00:00","twitter_card":"summary_large_image","twitter_misc":{"Est. reading time":"2 minutes"},"schema":{"@context":"https:\/\/schema.org","@graph":[{"@type":"WebPage","@id":"https:\/\/sweethotelrenasa.com\/en\/grupos\/","url":"https:\/\/sweethotelrenasa.com\/en\/grupos\/","name":"GROUPS - Meraki Beach Hotel | El primer hotel Only Adults de Valencia","isPartOf":{"@id":"https:\/\/sweethotelrenasa.com\/en\/#website"},"datePublished":"2022-07-12T08:37:00+00:00","dateModified":"2023-05-04T09:42:07+00:00","breadcrumb":{"@id":"https:\/\/sweethotelrenasa.com\/en\/grupos\/#breadcrumb"},"inLanguage":"en-US","potentialAction":[{"@type":"ReadAction","target":["https:\/\/sweethotelrenasa.com\/en\/grupos\/"]}]},{"@type":"BreadcrumbList","@id":"https:\/\/sweethotelrenasa.com\/en\/grupos\/#breadcrumb","itemListElement":[{"@type":"ListItem","position":1,"name":"Portada","item":"https:\/\/sweethotelrenasa.com\/en\/"},{"@type":"ListItem","position":2,"name":"GROUPS"}]},{"@type":"WebSite","@id":"https:\/\/sweethotelrenasa.com\/en\/#website","url":"https:\/\/sweethotelrenasa.com\/en\/","name":"Meraki Beach Hotel | El primer hotel Only Adults de Valencia","description":"Garant\u00eda y seguridad en un hotel diferente donde se busca ante todo la tranquilidad de nuestros hu\u00e9spedes, en un enclave \u00fanico junto al mar mediterr\u00e1neo.","potentialAction":[{"@type":"SearchAction","target":{"@type":"EntryPoint","urlTemplate":"https:\/\/sweethotelrenasa.com\/en\/?s={search_term_string}"},"query-input":{"@type":"PropertyValueSpecification","valueRequired":true,"valueName":"search_term_string"}}],"inLanguage":"en-US"}]}},"_links":{"self":[{"href":"https:\/\/sweethotelrenasa.com\/en\/wp-json\/wp\/v2\/pages\/15850","targetHints":{"allow":["GET"]}}],"collection":[{"href":"https:\/\/sweethotelrenasa.com\/en\/wp-json\/wp\/v2\/pages"}],"about":[{"href":"https:\/\/sweethotelrenasa.com\/en\/wp-json\/wp\/v2\/types\/page"}],"author":[{"embeddable":true,"href":"https:\/\/sweethotelrenasa.com\/en\/wp-json\/wp\/v2\/users\/4"}],"replies":[{"embeddable":true,"href":"https:\/\/sweethotelrenasa.com\/en\/wp-json\/wp\/v2\/comments?post=15850"}],"version-history":[{"count":4,"href":"https:\/\/sweethotelrenasa.com\/en\/wp-json\/wp\/v2\/pages\/15850\/revisions"}],"predecessor-version":[{"id":16806,"href":"https:\/\/sweethotelrenasa.com\/en\/wp-json\/wp\/v2\/pages\/15850\/revisions\/16806"}],"wp:attachment":[{"href":"https:\/\/sweethotelrenasa.com\/en\/wp-json\/wp\/v2\/media?parent=15850"}],"curies":[{"name":"wp","href":"https:\/\/api.w.org\/{rel}","templated":true}]}}