{"id":15899,"date":"2023-02-09T11:28:19","date_gmt":"2023-02-09T10:28:19","guid":{"rendered":"https:\/\/sweethotelrenasa.com\/auto-check-in\/"},"modified":"2023-05-16T14:03:47","modified_gmt":"2023-05-16T13:03:47","slug":"auto-check-in","status":"publish","type":"page","link":"https:\/\/sweethotelrenasa.com\/en\/auto-check-in\/","title":{"rendered":"Auto Check in"},"content":{"rendered":"<section class=\"wpb-content-wrapper\">[vc_section full_width=&#8221;stretch_row&#8221; content_placement=&#8221;middle&#8221; pix_over_visibility=&#8221;&#8221; css=&#8221;.vc_custom_1675940383686{background-color: #ffffff !important;}&#8221;][vc_row pix_particles_check=&#8221;&#8221;][vc_column width=&#8221;1\/4&#8243;][\/vc_column][vc_column width=&#8221;1\/2&#8243;]<div id=\"spacer-125965422\" class=\"w-100 d-block \"><\/div>[vc_column_text]\r\n<h2 style=\"text-align: center;\">Auto Check In<\/h2>\r\n[\/vc_column_text]<div class=\"d-block w-100 text-center\"><a  href=\"https:\/\/checkin.civitfun.com\/hotel\/sweet-hotel-renasa\/bookingSearchForm\" class=\"btn mb-2     text-white btn-primary d-block w-100       pix-btn-div btn-md\" target=\"_blank\" rel=\"noopener\"    ><i class=\"font-weight-bold pixicon-card-hand   mr-1\"><\/i> <span class=\"font-weight-bold \" >CLICK HERE FOR SELF CHECK IN<\/span><\/a><\/div>[\/vc_column][vc_column width=&#8221;1\/4&#8243;][\/vc_column][\/vc_row][vc_row full_width=&#8221;stretch_row&#8221; pix_particles_check=&#8221;&#8221; css=&#8221;.vc_custom_1663082497731{padding-bottom: 20px !important;background-color: #ffffff !important;}&#8221;][vc_column content_align=&#8221;text-center&#8221;][vc_empty_space height=&#8221;60px&#8221;]<div class=\"pix-img-div  text-center\"><div class=\"pix-img-el    text-center d-inline-block  w-100 rounded-0\"  ><img loading=\"lazy\" decoding=\"async\" class=\"card-img2 pix-img-elem rounded-0  h-1002\" style=\"height:auto;\" width=\"1920\" height=\"600\" srcset=\"https:\/\/sweethotelrenasa.com\/wp-content\/uploads\/2023\/02\/auto-check-in.jpg 1920w, https:\/\/sweethotelrenasa.com\/wp-content\/uploads\/2023\/02\/auto-check-in-300x94.jpg 300w, https:\/\/sweethotelrenasa.com\/wp-content\/uploads\/2023\/02\/auto-check-in-1024x320.jpg 1024w, https:\/\/sweethotelrenasa.com\/wp-content\/uploads\/2023\/02\/auto-check-in-768x240.jpg 768w, https:\/\/sweethotelrenasa.com\/wp-content\/uploads\/2023\/02\/auto-check-in-1536x480.jpg 1536w\" sizes=\"auto, (max-width: 1920px) 100vw, 1920px\" src=\"https:\/\/sweethotelrenasa.com\/wp-content\/uploads\/2023\/02\/auto-check-in.jpg\" alt=\"\" \/><\/div><\/div>[vc_empty_space height=&#8221;60px&#8221;][vc_column_text]\r\n<div id=\"cmsmasters_fb_nrq0nj7cbk\" class=\"cmsmasters_featured_block\">\r\n<div class=\"featured_block_inner\">\r\n<div class=\"featured_block_text\">\r\n<h4 class=\"text-subtitle\" style=\"text-align: left;\">Do you want to enjoy from the first minute of everything that Sweet Hotel Renasa offers you?<\/h4>\r\n<div class=\"text-container\">\r\n<div>\r\n\r\n&nbsp;\r\n<p style=\"text-align: left;\">Now you can enjoy the <em>online check-in<\/em> service and simplify your arrival at the Hotel.<\/p>\r\n<p style=\"text-align: left;\">You only have to identify yourself at the reception specially enabled for this and that&#8217;s it&#8230; Start enjoying your stay!<\/p>\r\n<p style=\"text-align: left;\">Do you want to know how? Very easy! Next, we will detail the entire process so that you can benefit from this service.<\/p>\r\n&nbsp;\r\n<p style=\"text-align: left;\"><b>\u2714 Who?<\/b><\/p>\r\n<p style=\"text-align: left;\">You can only use this service if you have made your reservation through our website, the official <em>app<\/em> or by calling <a href=\"https:\/\/www.google.com\/search?q=sweet+renasa&amp;rlz=1C1AZAA_enES742ES742&amp;oq=sweet+renasa&amp;aqs=chrome.0.69i59j0i22i30l4j69i60l3.2159j0j7&amp;sourceid=chrome&amp;ie=UTF-8#\" data-dtype=\"d3ifr\" data-local-attribute=\"d3ph\" data-ved=\"2ahUKEwjA65em68XtAhUH8xQKHfq_ArEQkAgoADATegQIEhAD\"><span role=\"link\" aria-label=\"Llamar al n\u00famero de tel\u00e9fono 963 69 24 50\">963 69 24 50<\/span><\/a><\/p>\r\n&nbsp;\r\n<p style=\"text-align: left;\"><b>\u2714 When?<\/b><\/p>\r\n<p style=\"text-align: left;\">Podr\u00e1s realizar el <b><em><u>check-in<\/u><\/em><\/b> con 5 d\u00edas de antelaci\u00f3n a la fecha de llegada. If you book less than 5 days in advance, you will not be able to <em>check-in<\/em> until after 24 hours. We advise you to do it between 5 and 3 days before your arrival, in case after making the reservation you need to make changes.<\/p>\r\n&nbsp;\r\n<p style=\"text-align: left;\"><b>\u2714 What are the benefits of <em>checking in online<\/em>?<\/b><\/p>\r\n<p style=\"text-align: left;\">Speed up the entire registration process! You will be able to enjoy your arrival with all the necessary information on your mobile device, such as maps and timetables, and collect your tickets in an exclusive area for this service. Enjoy your experience from the first moment!<\/p>\r\n&nbsp;\r\n<p style=\"text-align: left;\"><b>\u2714 How does <em>check-in<\/em> work?<\/b><\/p>\r\n<p style=\"text-align: left;\"><b>STEP 1:<\/b> Select the hotel for which you have made the reservation and complete the information on the form:<\/p>\r\n\r\n<ul style=\"text-align: left;\">\r\n \t<li><b>Name and surnames<\/b> of the holder of the reservation and of all the companions.<\/li>\r\n \t<li><b>DNI or passport, and its issue date,<\/b> of the holder of the reservation and of all accompanying persons over 14 years of age.<\/li>\r\n \t<li><b>Date of birth<\/b> of the holder of the reservation and of all the companions.<\/li>\r\n \t<li><b>Nationality and country of residence<\/b> of the reservation holder and all accompanying persons over 14 years of age.<\/li>\r\n \t<li><b>Telephone and province<\/b> of the holder of the reservation.<\/li>\r\n \t<li><b>Postal code<\/b> of the holder of the reservation and of all accompanying persons over 14 years of age.<\/li>\r\n<\/ul>\r\n<p style=\"text-align: left;\">It will be much faster if you scan or attach a photo of the identity documents so that the data is filled in automatically.<\/p>\r\n&nbsp;\r\n<p style=\"text-align: left;\"><b>\u2714 Once you arrive at the hotel having completed the <em>online check-in.<\/em> What should I do?<\/b><\/p>\r\n<p style=\"text-align: left;\">Tell the receptionist that you have completed the self-check-in process.<\/p>\r\n&nbsp;\r\n<p style=\"text-align: left;\">It&#8217;s that easy! Take advantage of the <em>online check-in<\/em> service, don&#8217;t wait for them to tell you about it!<\/p>\r\n\r\n<\/div>\r\n<\/div>\r\n<\/div>\r\n<\/div>\r\n<\/div>\r\n[\/vc_column_text][vc_empty_space height=&#8221;20px&#8221;][\/vc_column][\/vc_row][vc_row pix_particles_check=&#8221;&#8221;][vc_column width=&#8221;1\/4&#8243;][\/vc_column][vc_column width=&#8221;1\/2&#8243;]<div class=\"d-block w-100 text-center\"><a  href=\"https:\/\/checkin.civitfun.com\/hotel\/sweet-hotel-renasa\/bookingSearchForm\" class=\"btn mb-2     text-white btn-primary d-block w-100       pix-btn-div btn-md\" target=\"_blank\" rel=\"noopener\"    ><i class=\"font-weight-bold pixicon-card-hand   mr-1\"><\/i> <span class=\"font-weight-bold \" >CLICK HERE FOR SELF CHECK IN<\/span><\/a><\/div>[vc_empty_space height=&#8221;80px&#8221;][\/vc_column][vc_column width=&#8221;1\/4&#8243;][\/vc_column][\/vc_row][\/vc_section]<\/section>","protected":false},"excerpt":{"rendered":"[vc_section full_width=&#8221;stretch_row&#8221; content_placement=&#8221;middle&#8221; pix_over_visibility=&#8221;&#8221; css=&#8221;.vc_custom_1675940383686{background-color: #ffffff !important;}&#8221;][vc_row pix_particles_check=&#8221;&#8221;][vc_column width=&#8221;1\/4&#8243;][\/vc_column][vc_column width=&#8221;1\/2&#8243;][vc_column_text] Auto Check In [\/vc_column_text][\/vc_column][vc_column width=&#8221;1\/4&#8243;][\/vc_column][\/vc_row][vc_row full_width=&#8221;stretch_row&#8221; pix_particles_check=&#8221;&#8221; css=&#8221;.vc_custom_1663082497731{padding-bottom: 20px !important;background-color: #ffffff !important;}&#8221;][vc_column content_align=&#8221;text-center&#8221;][vc_empty_space height=&#8221;60px&#8221;][vc_empty_space height=&#8221;60px&#8221;][vc_column_text] Do you want to enjoy from the first minute of everything that Sweet Hotel Renasa&#8230;","protected":false},"author":4,"featured_media":0,"parent":0,"menu_order":0,"comment_status":"closed","ping_status":"closed","template":"","meta":{"footnotes":""},"class_list":["post-15899","page","type-page","status-publish","hentry"],"yoast_head":"<!-- This site is optimized with the Yoast SEO plugin v24.2 - https:\/\/yoast.com\/wordpress\/plugins\/seo\/ -->\n<title>Auto Check in - Meraki Beach Hotel | El primer hotel Only Adults de Valencia<\/title>\n<meta name=\"robots\" content=\"index, follow, max-snippet:-1, max-image-preview:large, max-video-preview:-1\" \/>\n<link rel=\"canonical\" href=\"https:\/\/sweethotelrenasa.com\/en\/auto-check-in\/\" \/>\n<meta property=\"og:locale\" content=\"en_US\" \/>\n<meta property=\"og:type\" content=\"article\" \/>\n<meta property=\"og:title\" content=\"Auto Check in - Meraki Beach Hotel | El primer hotel Only Adults de Valencia\" \/>\n<meta property=\"og:description\" content=\"[vc_section full_width=&#8221;stretch_row&#8221; content_placement=&#8221;middle&#8221; pix_over_visibility=&#8221;&#8221; css=&#8221;.vc_custom_1675940383686{background-color: #ffffff !important;}&#8221;][vc_row pix_particles_check=&#8221;&#8221;][vc_column width=&#8221;1\/4&#8243;][\/vc_column][vc_column width=&#8221;1\/2&#8243;][vc_column_text] Auto Check In [\/vc_column_text][\/vc_column][vc_column width=&#8221;1\/4&#8243;][\/vc_column][\/vc_row][vc_row full_width=&#8221;stretch_row&#8221; pix_particles_check=&#8221;&#8221; css=&#8221;.vc_custom_1663082497731{padding-bottom: 20px !important;background-color: #ffffff !important;}&#8221;][vc_column content_align=&#8221;text-center&#8221;][vc_empty_space height=&#8221;60px&#8221;][vc_empty_space height=&#8221;60px&#8221;][vc_column_text] Do you want to enjoy from the first minute of everything that Sweet Hotel Renasa...\" \/>\n<meta property=\"og:url\" content=\"https:\/\/sweethotelrenasa.com\/en\/auto-check-in\/\" \/>\n<meta property=\"og:site_name\" content=\"Meraki Beach Hotel | El primer hotel Only Adults de Valencia\" \/>\n<meta property=\"article:modified_time\" content=\"2023-05-16T13:03:47+00:00\" \/>\n<meta name=\"twitter:card\" content=\"summary_large_image\" \/>\n<meta name=\"twitter:label1\" content=\"Est. reading time\" \/>\n\t<meta name=\"twitter:data1\" content=\"3 minutes\" \/>\n<script type=\"application\/ld+json\" class=\"yoast-schema-graph\">{\"@context\":\"https:\/\/schema.org\",\"@graph\":[{\"@type\":\"WebPage\",\"@id\":\"https:\/\/sweethotelrenasa.com\/en\/auto-check-in\/\",\"url\":\"https:\/\/sweethotelrenasa.com\/en\/auto-check-in\/\",\"name\":\"Auto Check in - Meraki Beach Hotel | El primer hotel Only Adults de Valencia\",\"isPartOf\":{\"@id\":\"https:\/\/sweethotelrenasa.com\/en\/#website\"},\"datePublished\":\"2023-02-09T10:28:19+00:00\",\"dateModified\":\"2023-05-16T13:03:47+00:00\",\"breadcrumb\":{\"@id\":\"https:\/\/sweethotelrenasa.com\/en\/auto-check-in\/#breadcrumb\"},\"inLanguage\":\"en-US\",\"potentialAction\":[{\"@type\":\"ReadAction\",\"target\":[\"https:\/\/sweethotelrenasa.com\/en\/auto-check-in\/\"]}]},{\"@type\":\"BreadcrumbList\",\"@id\":\"https:\/\/sweethotelrenasa.com\/en\/auto-check-in\/#breadcrumb\",\"itemListElement\":[{\"@type\":\"ListItem\",\"position\":1,\"name\":\"Portada\",\"item\":\"https:\/\/sweethotelrenasa.com\/en\/\"},{\"@type\":\"ListItem\",\"position\":2,\"name\":\"Auto Check in\"}]},{\"@type\":\"WebSite\",\"@id\":\"https:\/\/sweethotelrenasa.com\/en\/#website\",\"url\":\"https:\/\/sweethotelrenasa.com\/en\/\",\"name\":\"Meraki Beach Hotel | El primer hotel Only Adults de Valencia\",\"description\":\"Garant\u00eda y seguridad en un hotel diferente donde se busca ante todo la tranquilidad de nuestros hu\u00e9spedes, en un enclave \u00fanico junto al mar mediterr\u00e1neo.\",\"potentialAction\":[{\"@type\":\"SearchAction\",\"target\":{\"@type\":\"EntryPoint\",\"urlTemplate\":\"https:\/\/sweethotelrenasa.com\/en\/?s={search_term_string}\"},\"query-input\":{\"@type\":\"PropertyValueSpecification\",\"valueRequired\":true,\"valueName\":\"search_term_string\"}}],\"inLanguage\":\"en-US\"}]}<\/script>\n<!-- \/ Yoast SEO plugin. -->","yoast_head_json":{"title":"Auto Check in - Meraki Beach Hotel | El primer hotel Only Adults de Valencia","robots":{"index":"index","follow":"follow","max-snippet":"max-snippet:-1","max-image-preview":"max-image-preview:large","max-video-preview":"max-video-preview:-1"},"canonical":"https:\/\/sweethotelrenasa.com\/en\/auto-check-in\/","og_locale":"en_US","og_type":"article","og_title":"Auto Check in - Meraki Beach Hotel | El primer hotel Only Adults de Valencia","og_description":"[vc_section full_width=&#8221;stretch_row&#8221; content_placement=&#8221;middle&#8221; pix_over_visibility=&#8221;&#8221; css=&#8221;.vc_custom_1675940383686{background-color: #ffffff !important;}&#8221;][vc_row pix_particles_check=&#8221;&#8221;][vc_column width=&#8221;1\/4&#8243;][\/vc_column][vc_column width=&#8221;1\/2&#8243;][vc_column_text] Auto Check In [\/vc_column_text][\/vc_column][vc_column width=&#8221;1\/4&#8243;][\/vc_column][\/vc_row][vc_row full_width=&#8221;stretch_row&#8221; pix_particles_check=&#8221;&#8221; css=&#8221;.vc_custom_1663082497731{padding-bottom: 20px !important;background-color: #ffffff !important;}&#8221;][vc_column content_align=&#8221;text-center&#8221;][vc_empty_space height=&#8221;60px&#8221;][vc_empty_space height=&#8221;60px&#8221;][vc_column_text] Do you want to enjoy from the first minute of everything that Sweet Hotel Renasa...","og_url":"https:\/\/sweethotelrenasa.com\/en\/auto-check-in\/","og_site_name":"Meraki Beach Hotel | El primer hotel Only Adults de Valencia","article_modified_time":"2023-05-16T13:03:47+00:00","twitter_card":"summary_large_image","twitter_misc":{"Est. reading time":"3 minutes"},"schema":{"@context":"https:\/\/schema.org","@graph":[{"@type":"WebPage","@id":"https:\/\/sweethotelrenasa.com\/en\/auto-check-in\/","url":"https:\/\/sweethotelrenasa.com\/en\/auto-check-in\/","name":"Auto Check in - Meraki Beach Hotel | El primer hotel Only Adults de Valencia","isPartOf":{"@id":"https:\/\/sweethotelrenasa.com\/en\/#website"},"datePublished":"2023-02-09T10:28:19+00:00","dateModified":"2023-05-16T13:03:47+00:00","breadcrumb":{"@id":"https:\/\/sweethotelrenasa.com\/en\/auto-check-in\/#breadcrumb"},"inLanguage":"en-US","potentialAction":[{"@type":"ReadAction","target":["https:\/\/sweethotelrenasa.com\/en\/auto-check-in\/"]}]},{"@type":"BreadcrumbList","@id":"https:\/\/sweethotelrenasa.com\/en\/auto-check-in\/#breadcrumb","itemListElement":[{"@type":"ListItem","position":1,"name":"Portada","item":"https:\/\/sweethotelrenasa.com\/en\/"},{"@type":"ListItem","position":2,"name":"Auto Check in"}]},{"@type":"WebSite","@id":"https:\/\/sweethotelrenasa.com\/en\/#website","url":"https:\/\/sweethotelrenasa.com\/en\/","name":"Meraki Beach Hotel | El primer hotel Only Adults de Valencia","description":"Garant\u00eda y seguridad en un hotel diferente donde se busca ante todo la tranquilidad de nuestros hu\u00e9spedes, en un enclave \u00fanico junto al mar mediterr\u00e1neo.","potentialAction":[{"@type":"SearchAction","target":{"@type":"EntryPoint","urlTemplate":"https:\/\/sweethotelrenasa.com\/en\/?s={search_term_string}"},"query-input":{"@type":"PropertyValueSpecification","valueRequired":true,"valueName":"search_term_string"}}],"inLanguage":"en-US"}]}},"_links":{"self":[{"href":"https:\/\/sweethotelrenasa.com\/en\/wp-json\/wp\/v2\/pages\/15899","targetHints":{"allow":["GET"]}}],"collection":[{"href":"https:\/\/sweethotelrenasa.com\/en\/wp-json\/wp\/v2\/pages"}],"about":[{"href":"https:\/\/sweethotelrenasa.com\/en\/wp-json\/wp\/v2\/types\/page"}],"author":[{"embeddable":true,"href":"https:\/\/sweethotelrenasa.com\/en\/wp-json\/wp\/v2\/users\/4"}],"replies":[{"embeddable":true,"href":"https:\/\/sweethotelrenasa.com\/en\/wp-json\/wp\/v2\/comments?post=15899"}],"version-history":[{"count":2,"href":"https:\/\/sweethotelrenasa.com\/en\/wp-json\/wp\/v2\/pages\/15899\/revisions"}],"predecessor-version":[{"id":16811,"href":"https:\/\/sweethotelrenasa.com\/en\/wp-json\/wp\/v2\/pages\/15899\/revisions\/16811"}],"wp:attachment":[{"href":"https:\/\/sweethotelrenasa.com\/en\/wp-json\/wp\/v2\/media?parent=15899"}],"curies":[{"name":"wp","href":"https:\/\/api.w.org\/{rel}","templated":true}]}}